{"id":3100,"date":"2021-10-11T14:48:55","date_gmt":"2021-10-11T12:48:55","guid":{"rendered":"http:\/\/registerausbildung.eu\/?page_id=3100"},"modified":"2022-10-12T11:07:24","modified_gmt":"2022-10-12T09:07:24","slug":"strona-glowna","status":"publish","type":"page","link":"https:\/\/registerausbildung.eu\/nl\/","title":{"rendered":"Strona g\u0142\u00f3wna"},"content":{"rendered":"<h2 class=\"wp-block-heading\">KLANTGEGEVENS<\/h2>\r\n\r\n\r\n<form role=\"search\" method=\"get\" action=\"https:\/\/registerausbildung.eu\/nl\/\" class=\"wp-block-search__button-outside wp-block-search__text-button wp-block-search\" data-trp-original-action=\"https:\/\/registerausbildung.eu\/nl\/\"    ><label class=\"wp-block-search__label screen-reader-text\" for=\"wp-block-search__input-1\" >Zoeken<\/label><div class=\"wp-block-search__inside-wrapper\" ><input class=\"wp-block-search__input\" id=\"wp-block-search__input-1\" placeholder=\"Ter plaatse zoeken\" value=\"\" type=\"search\" name=\"s\" required \/><button aria-label=\"Zoeken\" class=\"wp-block-search__button wp-element-button\" type=\"submit\" >Zoeken<\/button><\/div><input type=\"hidden\" name=\"trp-form-language\" value=\"nl\"\/><\/form>\r\n\r\n<hr class=\"wp-block-separator\" \/>\r\n\r\n\r\n<p>Op deze pagina kunt u de geldigheid van de certificaten van alle autorisaties controleren.Nieuwe invoer en de geldigheidsstatus van alle certificaten worden regelmatig bijgewerkt.<\/p>\r\n<p>We streven ernaar om nauwkeurige en betrouwbare informatie te verstrekken, maar we garanderen niet de onfeilbaarheid of volledigheid van de informatie, dus er kunnen geen claims worden ontleend aan eventuele fouten of weglatingen. De inhoud van deze website is uitsluitend bedoeld voor informatieve doeleinden.<\/p>","protected":false},"excerpt":{"rendered":"<p>KUNDENDATEN Auf dieser Seite k\u00f6nnen Sie die G\u00fcltigkeit der Zertifikate aller Berechtigungen \u00fcberpr\u00fcfen Neueintr\u00e4ge und der G\u00fcltigkeitsstatus aller Zertifikate werden regelm\u00e4\u00dfig aktualisiert. Wir bem\u00fchen uns, genaue und zuverl\u00e4ssige Informationen bereitzustellen, garantieren jedoch nicht die Unfehlbarkeit oder Vollst\u00e4ndigkeit der Informationen, daher k\u00f6nnen Fehler oder Auslassungen keine Grundlage f\u00fcr Anspr\u00fcche sein. Der Inhalt dieser Website dient nur [&hellip;]<\/p>\n","protected":false},"author":1,"featured_media":0,"parent":0,"menu_order":0,"comment_status":"closed","ping_status":"closed","template":"","meta":{"_acf_changed":false,"footnotes":""},"class_list":["post-3100","page","type-page","status-publish","hentry"],"acf":[],"jetpack_sharing_enabled":true,"_links":{"self":[{"href":"https:\/\/registerausbildung.eu\/nl\/wp-json\/wp\/v2\/pages\/3100","targetHints":{"allow":["GET"]}}],"collection":[{"href":"https:\/\/registerausbildung.eu\/nl\/wp-json\/wp\/v2\/pages"}],"about":[{"href":"https:\/\/registerausbildung.eu\/nl\/wp-json\/wp\/v2\/types\/page"}],"author":[{"embeddable":true,"href":"https:\/\/registerausbildung.eu\/nl\/wp-json\/wp\/v2\/users\/1"}],"replies":[{"embeddable":true,"href":"https:\/\/registerausbildung.eu\/nl\/wp-json\/wp\/v2\/comments?post=3100"}],"version-history":[{"count":10,"href":"https:\/\/registerausbildung.eu\/nl\/wp-json\/wp\/v2\/pages\/3100\/revisions"}],"predecessor-version":[{"id":25631,"href":"https:\/\/registerausbildung.eu\/nl\/wp-json\/wp\/v2\/pages\/3100\/revisions\/25631"}],"wp:attachment":[{"href":"https:\/\/registerausbildung.eu\/nl\/wp-json\/wp\/v2\/media?parent=3100"}],"curies":[{"name":"wp","href":"https:\/\/api.w.org\/{rel}","templated":true}]}}