{"id":3100,"date":"2021-10-11T14:48:55","date_gmt":"2021-10-11T12:48:55","guid":{"rendered":"http:\/\/registerausbildung.eu\/?page_id=3100"},"modified":"2022-10-12T11:07:24","modified_gmt":"2022-10-12T09:07:24","slug":"strona-glowna","status":"publish","type":"page","link":"https:\/\/registerausbildung.eu\/en\/","title":{"rendered":"Strona g\u0142\u00f3wna"},"content":{"rendered":"<h2 class=\"wp-block-heading\">CLIENTS DATA<\/h2>\r\n\r\n\r\n<form role=\"search\" method=\"get\" action=\"https:\/\/registerausbildung.eu\/en\/\" class=\"wp-block-search__button-outside wp-block-search__text-button wp-block-search\" data-trp-original-action=\"https:\/\/registerausbildung.eu\/en\/\"    ><label class=\"wp-block-search__label screen-reader-text\" for=\"wp-block-search__input-1\" >Search<\/label><div class=\"wp-block-search__inside-wrapper\" ><input class=\"wp-block-search__input\" id=\"wp-block-search__input-1\" placeholder=\"Find on page\" value=\"\" type=\"search\" name=\"s\" required \/><button aria-label=\"Search\" class=\"wp-block-search__button wp-element-button\" type=\"submit\" >Search<\/button><\/div><input type=\"hidden\" name=\"trp-form-language\" value=\"en\"\/><\/form>\r\n\r\n<hr class=\"wp-block-separator\" \/>\r\n\r\n\r\n<p>This page allows you to check the validity of certificates of all rights. New entries and the validity status of all certificates are updated on a regular basis.<\/p>\r\n<p>We make every effort to provide accurate and reliable information, however, we do not guarantee the infallibility or completeness of the information, therefore any errors or omissions cannot be the basis for any claims. The content of this website is for informational purposes only.<\/p>","protected":false},"excerpt":{"rendered":"<p>KUNDENDATEN Auf dieser Seite k\u00f6nnen Sie die G\u00fcltigkeit der Zertifikate aller Berechtigungen \u00fcberpr\u00fcfen Neueintr\u00e4ge und der G\u00fcltigkeitsstatus aller Zertifikate werden regelm\u00e4\u00dfig aktualisiert. Wir bem\u00fchen uns, genaue und zuverl\u00e4ssige Informationen bereitzustellen, garantieren jedoch nicht die Unfehlbarkeit oder Vollst\u00e4ndigkeit der Informationen, daher k\u00f6nnen Fehler oder Auslassungen keine Grundlage f\u00fcr Anspr\u00fcche sein. Der Inhalt dieser Website dient nur [&hellip;]<\/p>\n","protected":false},"author":1,"featured_media":0,"parent":0,"menu_order":0,"comment_status":"closed","ping_status":"closed","template":"","meta":{"_acf_changed":false,"footnotes":""},"class_list":["post-3100","page","type-page","status-publish","hentry"],"acf":[],"jetpack_sharing_enabled":true,"_links":{"self":[{"href":"https:\/\/registerausbildung.eu\/en\/wp-json\/wp\/v2\/pages\/3100","targetHints":{"allow":["GET"]}}],"collection":[{"href":"https:\/\/registerausbildung.eu\/en\/wp-json\/wp\/v2\/pages"}],"about":[{"href":"https:\/\/registerausbildung.eu\/en\/wp-json\/wp\/v2\/types\/page"}],"author":[{"embeddable":true,"href":"https:\/\/registerausbildung.eu\/en\/wp-json\/wp\/v2\/users\/1"}],"replies":[{"embeddable":true,"href":"https:\/\/registerausbildung.eu\/en\/wp-json\/wp\/v2\/comments?post=3100"}],"version-history":[{"count":10,"href":"https:\/\/registerausbildung.eu\/en\/wp-json\/wp\/v2\/pages\/3100\/revisions"}],"predecessor-version":[{"id":25631,"href":"https:\/\/registerausbildung.eu\/en\/wp-json\/wp\/v2\/pages\/3100\/revisions\/25631"}],"wp:attachment":[{"href":"https:\/\/registerausbildung.eu\/en\/wp-json\/wp\/v2\/media?parent=3100"}],"curies":[{"name":"wp","href":"https:\/\/api.w.org\/{rel}","templated":true}]}}